{"id":21,"date":"2019-11-26T23:46:50","date_gmt":"2019-11-26T21:46:50","guid":{"rendered":"https:\/\/adhoc-estudi.com\/es\/?page_id=21"},"modified":"2019-11-28T13:50:42","modified_gmt":"2019-11-28T11:50:42","slug":"nosotros","status":"publish","type":"page","link":"https:\/\/adhoc-estudi.com\/es\/nosotros\/","title":{"rendered":"Nosotros"},"content":{"rendered":"","protected":false},"excerpt":{"rendered":"","protected":false},"author":1,"featured_media":0,"parent":0,"menu_order":0,"comment_status":"closed","ping_status":"closed","template":"page-templates\/tpl-nosaltres.php","meta":{"_acf_changed":false,"footnotes":""},"class_list":["post-21","page","type-page","status-publish","hentry"],"acf":[],"yoast_head":"\n<title>Webs per a professionals i pimes - Disseny i desenvolpament per ag\u00e8ncies<\/title>\n<meta name=\"description\" content=\"L&#039;Elena i l&#039;Eduard s\u00f3n un equip web amb base a Berl\u00edn i Barcelona. Llocs web per a professionals i pimes. Disseny i desenvolpament per estudis i ag\u00e8ncies.\" \/>\n<meta name=\"robots\" content=\"index, follow, max-snippet:-1, max-image-preview:large, max-video-preview:-1\" \/>\n<link rel=\"canonical\" href=\"https:\/\/adhoc-estudi.com\/es\/nosotros\/\" \/>\n<meta property=\"og:locale\" content=\"es_ES\" \/>\n<meta property=\"og:type\" content=\"article\" \/>\n<meta property=\"og:title\" content=\"Webs per a professionals i pimes - Disseny i desenvolpament per ag\u00e8ncies\" \/>\n<meta property=\"og:description\" content=\"L&#039;Elena i l&#039;Eduard s\u00f3n un equip web amb base a Berl\u00edn i Barcelona. Llocs web per a professionals i pimes. Disseny i desenvolpament per estudis i ag\u00e8ncies.\" \/>\n<meta property=\"og:url\" content=\"https:\/\/adhoc-estudi.com\/es\/nosotros\/\" \/>\n<meta property=\"og:site_name\" content=\"Adhoc Estudi [Castell\u00e0]\" \/>\n<meta property=\"article:modified_time\" content=\"2019-11-28T11:50:42+00:00\" \/>\n<meta name=\"twitter:card\" content=\"summary_large_image\" \/>\n<script type=\"application\/ld+json\" class=\"yoast-schema-graph\">{\"@context\":\"https:\/\/schema.org\",\"@graph\":[{\"@type\":\"WebPage\",\"@id\":\"https:\/\/adhoc-estudi.com\/es\/nosotros\/\",\"url\":\"https:\/\/adhoc-estudi.com\/es\/nosotros\/\",\"name\":\"Webs per a professionals i pimes - Disseny i desenvolpament per ag\u00e8ncies\",\"isPartOf\":{\"@id\":\"https:\/\/adhoc-estudi.com\/es\/#website\"},\"datePublished\":\"2019-11-26T21:46:50+00:00\",\"dateModified\":\"2019-11-28T11:50:42+00:00\",\"description\":\"L'Elena i l'Eduard s\u00f3n un equip web amb base a Berl\u00edn i Barcelona. Llocs web per a professionals i pimes. Disseny i desenvolpament per estudis i ag\u00e8ncies.\",\"breadcrumb\":{\"@id\":\"https:\/\/adhoc-estudi.com\/es\/nosotros\/#breadcrumb\"},\"inLanguage\":\"es\",\"potentialAction\":[{\"@type\":\"ReadAction\",\"target\":[\"https:\/\/adhoc-estudi.com\/es\/nosotros\/\"]}]},{\"@type\":\"BreadcrumbList\",\"@id\":\"https:\/\/adhoc-estudi.com\/es\/nosotros\/#breadcrumb\",\"itemListElement\":[{\"@type\":\"ListItem\",\"position\":1,\"name\":\"Inici\",\"item\":\"https:\/\/adhoc-estudi.com\/es\/\"},{\"@type\":\"ListItem\",\"position\":2,\"name\":\"Nosotros\"}]},{\"@type\":\"WebSite\",\"@id\":\"https:\/\/adhoc-estudi.com\/es\/#website\",\"url\":\"https:\/\/adhoc-estudi.com\/es\/\",\"name\":\"Adhoc Estudi [Castell\u00e0]\",\"description\":\"Dise\u00f1o y desarrollo web\",\"publisher\":{\"@id\":\"https:\/\/adhoc-estudi.com\/es\/#organization\"},\"potentialAction\":[{\"@type\":\"SearchAction\",\"target\":{\"@type\":\"EntryPoint\",\"urlTemplate\":\"https:\/\/adhoc-estudi.com\/es\/?s={search_term_string}\"},\"query-input\":{\"@type\":\"PropertyValueSpecification\",\"valueRequired\":true,\"valueName\":\"search_term_string\"}}],\"inLanguage\":\"es\"},{\"@type\":\"Organization\",\"@id\":\"https:\/\/adhoc-estudi.com\/es\/#organization\",\"name\":\"Adhoc Estudi\",\"url\":\"https:\/\/adhoc-estudi.com\/es\/\",\"logo\":{\"@type\":\"ImageObject\",\"inLanguage\":\"es\",\"@id\":\"https:\/\/adhoc-estudi.com\/es\/#\/schema\/logo\/image\/\",\"url\":\"https:\/\/adhoc-estudi.com\/es\/wp-content\/uploads\/sites\/2\/2019\/11\/logo-adhoc.png\",\"contentUrl\":\"https:\/\/adhoc-estudi.com\/es\/wp-content\/uploads\/sites\/2\/2019\/11\/logo-adhoc.png\",\"width\":192,\"height\":60,\"caption\":\"Adhoc Estudi\"},\"image\":{\"@id\":\"https:\/\/adhoc-estudi.com\/es\/#\/schema\/logo\/image\/\"}}]}<\/script>\n","yoast_head_json":{"title":"Webs per a professionals i pimes - Disseny i desenvolpament per ag\u00e8ncies","description":"L'Elena i l'Eduard s\u00f3n un equip web amb base a Berl\u00edn i Barcelona. Llocs web per a professionals i pimes. Disseny i desenvolpament per estudis i ag\u00e8ncies.","robots":{"index":"index","follow":"follow","max-snippet":"max-snippet:-1","max-image-preview":"max-image-preview:large","max-video-preview":"max-video-preview:-1"},"canonical":"https:\/\/adhoc-estudi.com\/es\/nosotros\/","og_locale":"es_ES","og_type":"article","og_title":"Webs per a professionals i pimes - Disseny i desenvolpament per ag\u00e8ncies","og_description":"L'Elena i l'Eduard s\u00f3n un equip web amb base a Berl\u00edn i Barcelona. Llocs web per a professionals i pimes. Disseny i desenvolpament per estudis i ag\u00e8ncies.","og_url":"https:\/\/adhoc-estudi.com\/es\/nosotros\/","og_site_name":"Adhoc Estudi [Castell\u00e0]","article_modified_time":"2019-11-28T11:50:42+00:00","twitter_card":"summary_large_image","schema":{"@context":"https:\/\/schema.org","@graph":[{"@type":"WebPage","@id":"https:\/\/adhoc-estudi.com\/es\/nosotros\/","url":"https:\/\/adhoc-estudi.com\/es\/nosotros\/","name":"Webs per a professionals i pimes - Disseny i desenvolpament per ag\u00e8ncies","isPartOf":{"@id":"https:\/\/adhoc-estudi.com\/es\/#website"},"datePublished":"2019-11-26T21:46:50+00:00","dateModified":"2019-11-28T11:50:42+00:00","description":"L'Elena i l'Eduard s\u00f3n un equip web amb base a Berl\u00edn i Barcelona. Llocs web per a professionals i pimes. Disseny i desenvolpament per estudis i ag\u00e8ncies.","breadcrumb":{"@id":"https:\/\/adhoc-estudi.com\/es\/nosotros\/#breadcrumb"},"inLanguage":"es","potentialAction":[{"@type":"ReadAction","target":["https:\/\/adhoc-estudi.com\/es\/nosotros\/"]}]},{"@type":"BreadcrumbList","@id":"https:\/\/adhoc-estudi.com\/es\/nosotros\/#breadcrumb","itemListElement":[{"@type":"ListItem","position":1,"name":"Inici","item":"https:\/\/adhoc-estudi.com\/es\/"},{"@type":"ListItem","position":2,"name":"Nosotros"}]},{"@type":"WebSite","@id":"https:\/\/adhoc-estudi.com\/es\/#website","url":"https:\/\/adhoc-estudi.com\/es\/","name":"Adhoc Estudi [Castell\u00e0]","description":"Dise\u00f1o y desarrollo web","publisher":{"@id":"https:\/\/adhoc-estudi.com\/es\/#organization"},"potentialAction":[{"@type":"SearchAction","target":{"@type":"EntryPoint","urlTemplate":"https:\/\/adhoc-estudi.com\/es\/?s={search_term_string}"},"query-input":{"@type":"PropertyValueSpecification","valueRequired":true,"valueName":"search_term_string"}}],"inLanguage":"es"},{"@type":"Organization","@id":"https:\/\/adhoc-estudi.com\/es\/#organization","name":"Adhoc Estudi","url":"https:\/\/adhoc-estudi.com\/es\/","logo":{"@type":"ImageObject","inLanguage":"es","@id":"https:\/\/adhoc-estudi.com\/es\/#\/schema\/logo\/image\/","url":"https:\/\/adhoc-estudi.com\/es\/wp-content\/uploads\/sites\/2\/2019\/11\/logo-adhoc.png","contentUrl":"https:\/\/adhoc-estudi.com\/es\/wp-content\/uploads\/sites\/2\/2019\/11\/logo-adhoc.png","width":192,"height":60,"caption":"Adhoc Estudi"},"image":{"@id":"https:\/\/adhoc-estudi.com\/es\/#\/schema\/logo\/image\/"}}]}},"_links":{"self":[{"href":"https:\/\/adhoc-estudi.com\/es\/wp-json\/wp\/v2\/pages\/21","targetHints":{"allow":["GET"]}}],"collection":[{"href":"https:\/\/adhoc-estudi.com\/es\/wp-json\/wp\/v2\/pages"}],"about":[{"href":"https:\/\/adhoc-estudi.com\/es\/wp-json\/wp\/v2\/types\/page"}],"author":[{"embeddable":true,"href":"https:\/\/adhoc-estudi.com\/es\/wp-json\/wp\/v2\/users\/1"}],"replies":[{"embeddable":true,"href":"https:\/\/adhoc-estudi.com\/es\/wp-json\/wp\/v2\/comments?post=21"}],"version-history":[{"count":0,"href":"https:\/\/adhoc-estudi.com\/es\/wp-json\/wp\/v2\/pages\/21\/revisions"}],"wp:attachment":[{"href":"https:\/\/adhoc-estudi.com\/es\/wp-json\/wp\/v2\/media?parent=21"}],"curies":[{"name":"wp","href":"https:\/\/api.w.org\/{rel}","templated":true}]}}